{"id":349,"date":"2024-04-11T16:30:38","date_gmt":"2024-04-11T22:30:38","guid":{"rendered":"https:\/\/cr.bolsopaseo.com\/?page_id=349"},"modified":"2024-04-11T16:40:34","modified_gmt":"2024-04-11T22:40:34","slug":"historia","status":"publish","type":"page","link":"https:\/\/cr-old.bolsopaseo.com\/","title":{"rendered":"Historia"},"content":{"rendered":"\n<div class=\"wp-block-media-text is-stacked-on-mobile\"><figure class=\"wp-block-media-text__media\"><img loading=\"lazy\" decoding=\"async\" width=\"768\" height=\"768\" src=\"https:\/\/cr.bolsopaseo.com\/wp-content\/uploads\/2024\/04\/Sello-bolso-paseo.jpg\" alt=\"Logo Bolso Paseo\" class=\"wp-image-350 size-full\" srcset=\"https:\/\/cr-old.bolsopaseo.com\/wp-content\/uploads\/2024\/04\/Sello-bolso-paseo.jpg 768w, https:\/\/cr-old.bolsopaseo.com\/wp-content\/uploads\/2024\/04\/Sello-bolso-paseo-300x300.jpg 300w, https:\/\/cr-old.bolsopaseo.com\/wp-content\/uploads\/2024\/04\/Sello-bolso-paseo-100x100.jpg 100w, https:\/\/cr-old.bolsopaseo.com\/wp-content\/uploads\/2024\/04\/Sello-bolso-paseo-600x600.jpg 600w, https:\/\/cr-old.bolsopaseo.com\/wp-content\/uploads\/2024\/04\/Sello-bolso-paseo-150x150.jpg 150w\" sizes=\"auto, (max-width: 768px) 100vw, 768px\" \/><\/figure><div class=\"wp-block-media-text__content\">\n<p>Dise\u00f1amos y producimos bolsos desde el 2005. <\/p>\n\n\n\n<p>Urs y Anja, creadores de Bolso Paseo, disfrutan de pasar alg\u00fan tiempo en Centroam\u00e9rica cada a\u00f1o y con esto naci\u00f3 la idea de producir la marca en Costa Rica. <\/p>\n\n\n\n<p>Desde 2010 estamos instalados en San Jos\u00e9, y generalmente trabajamos con dos artesanos diferentes. Financiamos la maquinaria y equipo necesario, y con esto apoyamos e impulsamos a nuestros colaboradores. <\/p>\n<\/div><\/div>\n\n\n\n<div class=\"wp-block-media-text has-media-on-the-right is-stacked-on-mobile\"><div class=\"wp-block-media-text__content\">\n<p>Todo el cuero se produce localmente y en busca de la mejor materia prima importamos los herrajes desde Italia y nuestra tela de algod\u00f3n de Estados Unidos. <\/p>\n\n\n\n<p>Nos interesan las normas y regulaciones que protegen el medio ambiente y por eso nos sentimos felices de trabajar con un proveedor de cuero consiente.<\/p>\n\n\n\n<p>Los animales, en su mayor\u00eda ganado ceb\u00fa, viven al aire libre, esto da como resultado las las texturas del grano caracter\u00edsticas de nuestro cuero, en las que de vez en cuando incluso se utiliza el sello de las ganader\u00edas.<\/p>\n<\/div><figure class=\"wp-block-media-text__media\"><img loading=\"lazy\" decoding=\"async\" width=\"698\" height=\"712\" src=\"https:\/\/cr.bolsopaseo.com\/wp-content\/uploads\/2024\/04\/2018_PIRRO_Kauf.jpg\" alt=\"Cuero\" class=\"wp-image-351 size-full\" srcset=\"https:\/\/cr-old.bolsopaseo.com\/wp-content\/uploads\/2024\/04\/2018_PIRRO_Kauf.jpg 698w, https:\/\/cr-old.bolsopaseo.com\/wp-content\/uploads\/2024\/04\/2018_PIRRO_Kauf-600x612.jpg 600w, https:\/\/cr-old.bolsopaseo.com\/wp-content\/uploads\/2024\/04\/2018_PIRRO_Kauf-294x300.jpg 294w, https:\/\/cr-old.bolsopaseo.com\/wp-content\/uploads\/2024\/04\/2018_PIRRO_Kauf-300x306.jpg 300w\" sizes=\"auto, (max-width: 698px) 100vw, 698px\" \/><\/figure><\/div>\n\n\n\n<div class=\"wp-block-media-text is-stacked-on-mobile\"><figure class=\"wp-block-media-text__media\"><img loading=\"lazy\" decoding=\"async\" width=\"507\" height=\"515\" src=\"https:\/\/cr.bolsopaseo.com\/wp-content\/uploads\/2024\/04\/Manos.jpg\" alt=\"\" class=\"wp-image-352 size-full\" srcset=\"https:\/\/cr-old.bolsopaseo.com\/wp-content\/uploads\/2024\/04\/Manos.jpg 507w, https:\/\/cr-old.bolsopaseo.com\/wp-content\/uploads\/2024\/04\/Manos-295x300.jpg 295w, https:\/\/cr-old.bolsopaseo.com\/wp-content\/uploads\/2024\/04\/Manos-300x305.jpg 300w\" sizes=\"auto, (max-width: 507px) 100vw, 507px\" \/><\/figure><div class=\"wp-block-media-text__content\">\n<p>Y es as\u00ed como gracias a las manos de nuestros artesanos y al esfuerzo de todos los que damos vida a <a href=\"https:\/\/cr.bolsopaseo.com\/\" target=\"_blank\" rel=\"noreferrer noopener\">Bolso Paseo<\/a>, creamos productos que se convierten en compa\u00f1eros de todos los d\u00edas.<\/p>\n\n\n\n<p>Creemos en productos duraderos y atemporales, y es por eso que nos esforzamos en dise\u00f1ar nuestros bolsos pensando en la comodidad y la durabilidad.<\/p>\n<\/div><\/div>\n","protected":false},"excerpt":{"rendered":"<p>Dise\u00f1amos y producimos bolsos desde el 2005. Urs y Anja, creadores de Bolso Paseo, disfrutan de pasar alg\u00fan tiempo en Centroam\u00e9rica cada a\u00f1o y con esto naci\u00f3 la idea de producir la marca en Costa Rica. Desde 2010 estamos instalados en San Jos\u00e9, y generalmente trabajamos con dos artesanos diferentes. Financiamos la maquinaria y equipo&#8230;<\/p>\n","protected":false},"author":2,"featured_media":0,"parent":0,"menu_order":0,"comment_status":"closed","ping_status":"closed","template":"","meta":{"footnotes":""},"class_list":["post-349","page","type-page","status-publish","hentry"],"yoast_head":"<!-- This site is optimized with the Yoast SEO plugin v26.6 - https:\/\/yoast.com\/wordpress\/plugins\/seo\/ -->\r\n<title>Historia - Bolso Paseo - Costa Rica<\/title>\r\n<meta name=\"description\" content=\"Nuestra historia: Dise\u00f1amos y producimos bolsos desde el 2005, pensamos en productos sostenibles, c\u00f3modos y duraderos.\" \/>\r\n<meta name=\"robots\" content=\"index, follow, max-snippet:-1, max-image-preview:large, max-video-preview:-1\" \/>\r\n<link rel=\"canonical\" href=\"https:\/\/cr-old.bolsopaseo.com\/\" \/>\r\n<meta property=\"og:locale\" content=\"es_ES\" \/>\r\n<meta property=\"og:type\" content=\"article\" \/>\r\n<meta property=\"og:title\" content=\"Historia - Bolso Paseo - Costa Rica\" \/>\r\n<meta property=\"og:description\" content=\"Nuestra historia: Dise\u00f1amos y producimos bolsos desde el 2005, pensamos en productos sostenibles, c\u00f3modos y duraderos.\" \/>\r\n<meta property=\"og:url\" content=\"https:\/\/cr-old.bolsopaseo.com\/\" \/>\r\n<meta property=\"og:site_name\" content=\"Bolso Paseo - Costa Rica\" \/>\r\n<meta property=\"article:modified_time\" content=\"2024-04-11T22:40:34+00:00\" \/>\r\n<meta property=\"og:image\" content=\"https:\/\/cr.bolsopaseo.com\/wp-content\/uploads\/2024\/04\/Sello-bolso-paseo.jpg\" \/>\r\n<meta name=\"twitter:card\" content=\"summary_large_image\" \/>\r\n<meta name=\"twitter:label1\" content=\"Est. reading time\" \/>\n\t<meta name=\"twitter:data1\" content=\"2 minutos\" \/>\r\n<script type=\"application\/ld+json\" class=\"yoast-schema-graph\">{\"@context\":\"https:\/\/schema.org\",\"@graph\":[{\"@type\":\"WebPage\",\"@id\":\"https:\/\/cr-old.bolsopaseo.com\/\",\"url\":\"https:\/\/cr-old.bolsopaseo.com\/\",\"name\":\"Historia - Bolso Paseo - Costa Rica\",\"isPartOf\":{\"@id\":\"https:\/\/cr-old.bolsopaseo.com\/#website\"},\"primaryImageOfPage\":{\"@id\":\"https:\/\/cr-old.bolsopaseo.com\/#primaryimage\"},\"image\":{\"@id\":\"https:\/\/cr-old.bolsopaseo.com\/#primaryimage\"},\"thumbnailUrl\":\"https:\/\/cr.bolsopaseo.com\/wp-content\/uploads\/2024\/04\/Sello-bolso-paseo.jpg\",\"datePublished\":\"2024-04-11T22:30:38+00:00\",\"dateModified\":\"2024-04-11T22:40:34+00:00\",\"description\":\"Nuestra historia: Dise\u00f1amos y producimos bolsos desde el 2005, pensamos en productos sostenibles, c\u00f3modos y duraderos.\",\"breadcrumb\":{\"@id\":\"https:\/\/cr-old.bolsopaseo.com\/#breadcrumb\"},\"inLanguage\":\"es-CR\",\"potentialAction\":[{\"@type\":\"ReadAction\",\"target\":[\"https:\/\/cr-old.bolsopaseo.com\/\"]}]},{\"@type\":\"ImageObject\",\"inLanguage\":\"es-CR\",\"@id\":\"https:\/\/cr-old.bolsopaseo.com\/#primaryimage\",\"url\":\"https:\/\/cr.bolsopaseo.com\/wp-content\/uploads\/2024\/04\/Sello-bolso-paseo.jpg\",\"contentUrl\":\"https:\/\/cr.bolsopaseo.com\/wp-content\/uploads\/2024\/04\/Sello-bolso-paseo.jpg\"},{\"@type\":\"BreadcrumbList\",\"@id\":\"https:\/\/cr-old.bolsopaseo.com\/#breadcrumb\",\"itemListElement\":[{\"@type\":\"ListItem\",\"position\":1,\"name\":\"Home\",\"item\":\"https:\/\/cr-old.bolsopaseo.com\/\"},{\"@type\":\"ListItem\",\"position\":2,\"name\":\"Historia\"}]},{\"@type\":\"WebSite\",\"@id\":\"https:\/\/cr-old.bolsopaseo.com\/#website\",\"url\":\"https:\/\/cr-old.bolsopaseo.com\/\",\"name\":\"Bolso Paseo - Costa Rica\",\"description\":\"Accesorios de cuero hechos a mano\",\"publisher\":{\"@id\":\"https:\/\/cr-old.bolsopaseo.com\/#organization\"},\"potentialAction\":[{\"@type\":\"SearchAction\",\"target\":{\"@type\":\"EntryPoint\",\"urlTemplate\":\"https:\/\/cr-old.bolsopaseo.com\/?s={search_term_string}\"},\"query-input\":{\"@type\":\"PropertyValueSpecification\",\"valueRequired\":true,\"valueName\":\"search_term_string\"}}],\"inLanguage\":\"es-CR\"},{\"@type\":\"Organization\",\"@id\":\"https:\/\/cr-old.bolsopaseo.com\/#organization\",\"name\":\"Bolso Paseo - Costa Rica\",\"url\":\"https:\/\/cr-old.bolsopaseo.com\/\",\"logo\":{\"@type\":\"ImageObject\",\"inLanguage\":\"es-CR\",\"@id\":\"https:\/\/cr-old.bolsopaseo.com\/#\/schema\/logo\/image\/\",\"url\":\"https:\/\/cr-old.bolsopaseo.com\/wp-content\/uploads\/2024\/02\/cropped-Portada-web-bpcr-1.jpg\",\"contentUrl\":\"https:\/\/cr-old.bolsopaseo.com\/wp-content\/uploads\/2024\/02\/cropped-Portada-web-bpcr-1.jpg\",\"width\":1199,\"height\":629,\"caption\":\"Bolso Paseo - Costa Rica\"},\"image\":{\"@id\":\"https:\/\/cr-old.bolsopaseo.com\/#\/schema\/logo\/image\/\"}}]}<\/script>\r\n<!-- \/ Yoast SEO plugin. -->","yoast_head_json":{"title":"Historia - Bolso Paseo - Costa Rica","description":"Nuestra historia: Dise\u00f1amos y producimos bolsos desde el 2005, pensamos en productos sostenibles, c\u00f3modos y duraderos.","robots":{"index":"index","follow":"follow","max-snippet":"max-snippet:-1","max-image-preview":"max-image-preview:large","max-video-preview":"max-video-preview:-1"},"canonical":"https:\/\/cr-old.bolsopaseo.com\/","og_locale":"es_ES","og_type":"article","og_title":"Historia - Bolso Paseo - Costa Rica","og_description":"Nuestra historia: Dise\u00f1amos y producimos bolsos desde el 2005, pensamos en productos sostenibles, c\u00f3modos y duraderos.","og_url":"https:\/\/cr-old.bolsopaseo.com\/","og_site_name":"Bolso Paseo - Costa Rica","article_modified_time":"2024-04-11T22:40:34+00:00","og_image":[{"url":"https:\/\/cr.bolsopaseo.com\/wp-content\/uploads\/2024\/04\/Sello-bolso-paseo.jpg","type":"","width":"","height":""}],"twitter_card":"summary_large_image","twitter_misc":{"Est. reading time":"2 minutos"},"schema":{"@context":"https:\/\/schema.org","@graph":[{"@type":"WebPage","@id":"https:\/\/cr-old.bolsopaseo.com\/","url":"https:\/\/cr-old.bolsopaseo.com\/","name":"Historia - Bolso Paseo - Costa Rica","isPartOf":{"@id":"https:\/\/cr-old.bolsopaseo.com\/#website"},"primaryImageOfPage":{"@id":"https:\/\/cr-old.bolsopaseo.com\/#primaryimage"},"image":{"@id":"https:\/\/cr-old.bolsopaseo.com\/#primaryimage"},"thumbnailUrl":"https:\/\/cr.bolsopaseo.com\/wp-content\/uploads\/2024\/04\/Sello-bolso-paseo.jpg","datePublished":"2024-04-11T22:30:38+00:00","dateModified":"2024-04-11T22:40:34+00:00","description":"Nuestra historia: Dise\u00f1amos y producimos bolsos desde el 2005, pensamos en productos sostenibles, c\u00f3modos y duraderos.","breadcrumb":{"@id":"https:\/\/cr-old.bolsopaseo.com\/#breadcrumb"},"inLanguage":"es-CR","potentialAction":[{"@type":"ReadAction","target":["https:\/\/cr-old.bolsopaseo.com\/"]}]},{"@type":"ImageObject","inLanguage":"es-CR","@id":"https:\/\/cr-old.bolsopaseo.com\/#primaryimage","url":"https:\/\/cr.bolsopaseo.com\/wp-content\/uploads\/2024\/04\/Sello-bolso-paseo.jpg","contentUrl":"https:\/\/cr.bolsopaseo.com\/wp-content\/uploads\/2024\/04\/Sello-bolso-paseo.jpg"},{"@type":"BreadcrumbList","@id":"https:\/\/cr-old.bolsopaseo.com\/#breadcrumb","itemListElement":[{"@type":"ListItem","position":1,"name":"Home","item":"https:\/\/cr-old.bolsopaseo.com\/"},{"@type":"ListItem","position":2,"name":"Historia"}]},{"@type":"WebSite","@id":"https:\/\/cr-old.bolsopaseo.com\/#website","url":"https:\/\/cr-old.bolsopaseo.com\/","name":"Bolso Paseo - Costa Rica","description":"Accesorios de cuero hechos a mano","publisher":{"@id":"https:\/\/cr-old.bolsopaseo.com\/#organization"},"potentialAction":[{"@type":"SearchAction","target":{"@type":"EntryPoint","urlTemplate":"https:\/\/cr-old.bolsopaseo.com\/?s={search_term_string}"},"query-input":{"@type":"PropertyValueSpecification","valueRequired":true,"valueName":"search_term_string"}}],"inLanguage":"es-CR"},{"@type":"Organization","@id":"https:\/\/cr-old.bolsopaseo.com\/#organization","name":"Bolso Paseo - Costa Rica","url":"https:\/\/cr-old.bolsopaseo.com\/","logo":{"@type":"ImageObject","inLanguage":"es-CR","@id":"https:\/\/cr-old.bolsopaseo.com\/#\/schema\/logo\/image\/","url":"https:\/\/cr-old.bolsopaseo.com\/wp-content\/uploads\/2024\/02\/cropped-Portada-web-bpcr-1.jpg","contentUrl":"https:\/\/cr-old.bolsopaseo.com\/wp-content\/uploads\/2024\/02\/cropped-Portada-web-bpcr-1.jpg","width":1199,"height":629,"caption":"Bolso Paseo - Costa Rica"},"image":{"@id":"https:\/\/cr-old.bolsopaseo.com\/#\/schema\/logo\/image\/"}}]}},"_links":{"self":[{"href":"https:\/\/cr-old.bolsopaseo.com\/index.php\/wp-json\/wp\/v2\/pages\/349","targetHints":{"allow":["GET"]}}],"collection":[{"href":"https:\/\/cr-old.bolsopaseo.com\/index.php\/wp-json\/wp\/v2\/pages"}],"about":[{"href":"https:\/\/cr-old.bolsopaseo.com\/index.php\/wp-json\/wp\/v2\/types\/page"}],"author":[{"embeddable":true,"href":"https:\/\/cr-old.bolsopaseo.com\/index.php\/wp-json\/wp\/v2\/users\/2"}],"replies":[{"embeddable":true,"href":"https:\/\/cr-old.bolsopaseo.com\/index.php\/wp-json\/wp\/v2\/comments?post=349"}],"version-history":[{"count":2,"href":"https:\/\/cr-old.bolsopaseo.com\/index.php\/wp-json\/wp\/v2\/pages\/349\/revisions"}],"predecessor-version":[{"id":355,"href":"https:\/\/cr-old.bolsopaseo.com\/index.php\/wp-json\/wp\/v2\/pages\/349\/revisions\/355"}],"wp:attachment":[{"href":"https:\/\/cr-old.bolsopaseo.com\/index.php\/wp-json\/wp\/v2\/media?parent=349"}],"curies":[{"name":"wp","href":"https:\/\/api.w.org\/{rel}","templated":true}]}}